{"id":146,"date":"2024-11-18T09:42:54","date_gmt":"2024-11-18T09:42:54","guid":{"rendered":"http:\/\/schachverein-gretenberg.local\/?page_id=140"},"modified":"2024-12-02T09:32:52","modified_gmt":"2024-12-02T09:32:52","slug":"schachcafe","status":"publish","type":"page","link":"https:\/\/schachverein-gretenberg.de\/?page_id=146","title":{"rendered":"Schachcafe"},"content":{"rendered":"\n<p>Unser Schachcaf\u00e9 bietet einen zwanglosen Rahmen zum Kennenlernen. Alles ist dort m\u00f6glich: Ernste Partien spielen, Blitzschach, Reden \u00fcber Schach oder Quatschen \u00fcber irgendwas anderes. Das Schachcaf\u00e9 \u00f6ffnet im Jahr 2025 an den folgenden Terminen in unserem Spiellokal in der Mensa der KGS Sehnde.<\/p>\n\n\n\n<p>Schauen Sie doch mal bei uns rein!<\/p>\n\n\n\n<figure class=\"wp-block-image size-large\"><img loading=\"lazy\" decoding=\"async\" width=\"1024\" height=\"846\" src=\"https:\/\/schachverein-gretenberg.de\/wp-content\/uploads\/2024\/12\/coffee-lovers-4506481_1280-1024x846.png\" alt=\"\" class=\"wp-image-10\" srcset=\"https:\/\/schachverein-gretenberg.de\/wp-content\/uploads\/2024\/12\/coffee-lovers-4506481_1280-1024x846.png 1024w, https:\/\/schachverein-gretenberg.de\/wp-content\/uploads\/2024\/12\/coffee-lovers-4506481_1280-300x248.png 300w, https:\/\/schachverein-gretenberg.de\/wp-content\/uploads\/2024\/12\/coffee-lovers-4506481_1280-768x635.png 768w, https:\/\/schachverein-gretenberg.de\/wp-content\/uploads\/2024\/12\/coffee-lovers-4506481_1280.png 1280w\" sizes=\"auto, (max-width: 1024px) 100vw, 1024px\" \/><\/figure>\n","protected":false},"excerpt":{"rendered":"<p>Unser Schachcaf\u00e9 bietet einen zwanglosen Rahmen zum Kennenlernen. Alles ist dort m\u00f6glich: Ernste Partien spielen, Blitzschach, Reden \u00fcber Schach oder Quatschen \u00fcber irgendwas anderes. Das Schachcaf\u00e9 \u00f6ffnet im Jahr 2025 an den folgenden Terminen in unserem Spiellokal in der Mensa der KGS Sehnde. Schauen Sie doch mal bei uns rein!<\/p>\n","protected":false},"author":1,"featured_media":0,"parent":0,"menu_order":0,"comment_status":"closed","ping_status":"closed","template":"","meta":{"footnotes":""},"class_list":["post-146","page","type-page","status-publish","hentry"],"_links":{"self":[{"href":"https:\/\/schachverein-gretenberg.de\/index.php?rest_route=\/wp\/v2\/pages\/146","targetHints":{"allow":["GET"]}}],"collection":[{"href":"https:\/\/schachverein-gretenberg.de\/index.php?rest_route=\/wp\/v2\/pages"}],"about":[{"href":"https:\/\/schachverein-gretenberg.de\/index.php?rest_route=\/wp\/v2\/types\/page"}],"author":[{"embeddable":true,"href":"https:\/\/schachverein-gretenberg.de\/index.php?rest_route=\/wp\/v2\/users\/1"}],"replies":[{"embeddable":true,"href":"https:\/\/schachverein-gretenberg.de\/index.php?rest_route=%2Fwp%2Fv2%2Fcomments&post=146"}],"version-history":[{"count":1,"href":"https:\/\/schachverein-gretenberg.de\/index.php?rest_route=\/wp\/v2\/pages\/146\/revisions"}],"predecessor-version":[{"id":304,"href":"https:\/\/schachverein-gretenberg.de\/index.php?rest_route=\/wp\/v2\/pages\/146\/revisions\/304"}],"wp:attachment":[{"href":"https:\/\/schachverein-gretenberg.de\/index.php?rest_route=%2Fwp%2Fv2%2Fmedia&parent=146"}],"curies":[{"name":"wp","href":"https:\/\/api.w.org\/{rel}","templated":true}]}}